{"id":4247,"date":"2024-02-05T08:42:37","date_gmt":"2024-02-05T08:42:37","guid":{"rendered":"https:\/\/kunstkringalexander.nl\/?page_id=4247"},"modified":"2024-02-05T08:42:43","modified_gmt":"2024-02-05T08:42:43","slug":"zoon-adriana","status":"publish","type":"page","link":"https:\/\/kunstkringalexander.nl\/index.php\/de-kunstenaars\/vind-een-kunstenaar\/zoon-adriana\/","title":{"rendered":"Zoon, Adriana"},"content":{"rendered":"\t\t<div data-elementor-type=\"wp-post\" data-elementor-id=\"4247\" class=\"elementor elementor-4247\">\n\t\t\t\t\t\t<section class=\"elementor-section elementor-top-section elementor-element elementor-element-24935cb elementor-section-boxed elementor-section-height-default elementor-section-height-default\" data-id=\"24935cb\" data-element_type=\"section\" data-e-type=\"section\">\n\t\t\t\t\t\t<div class=\"elementor-container elementor-column-gap-default\">\n\t\t\t\t\t<div class=\"elementor-column elementor-col-33 elementor-top-column elementor-element elementor-element-42daa15\" data-id=\"42daa15\" data-element_type=\"column\" data-e-type=\"column\">\n\t\t\t<div class=\"elementor-widget-wrap elementor-element-populated\">\n\t\t\t\t\t\t<div class=\"elementor-element elementor-element-ee71083 elementor-widget elementor-widget-image\" data-id=\"ee71083\" data-element_type=\"widget\" data-e-type=\"widget\" data-widget_type=\"image.default\">\n\t\t\t\t<div class=\"elementor-widget-container\">\n\t\t\t\t\t\t\t\t\t\t\t\t\t\t\t<img fetchpriority=\"high\" decoding=\"async\" width=\"500\" height=\"500\" src=\"https:\/\/kunstkringalexander.nl\/wp-content\/uploads\/2024\/02\/Zoon-Adriana-Potrait.jpeg\" class=\"attachment-medium size-medium wp-image-4248\" alt=\"\" srcset=\"https:\/\/kunstkringalexander.nl\/wp-content\/uploads\/2024\/02\/Zoon-Adriana-Potrait.jpeg 500w, https:\/\/kunstkringalexander.nl\/wp-content\/uploads\/2024\/02\/Zoon-Adriana-Potrait-150x150.jpeg 150w, https:\/\/kunstkringalexander.nl\/wp-content\/uploads\/2024\/02\/Zoon-Adriana-Potrait-90x90.jpeg 90w, https:\/\/kunstkringalexander.nl\/wp-content\/uploads\/2024\/02\/Zoon-Adriana-Potrait-380x380.jpeg 380w\" sizes=\"(max-width: 500px) 100vw, 500px\" \/>\t\t\t\t\t\t\t\t\t\t\t\t\t\t\t<\/div>\n\t\t\t\t<\/div>\n\t\t\t\t\t<\/div>\n\t\t<\/div>\n\t\t\t\t<div class=\"elementor-column elementor-col-66 elementor-top-column elementor-element elementor-element-e895e36\" data-id=\"e895e36\" data-element_type=\"column\" data-e-type=\"column\">\n\t\t\t<div class=\"elementor-widget-wrap elementor-element-populated\">\n\t\t\t\t\t\t<div class=\"elementor-element elementor-element-5a6e27e elementor-widget elementor-widget-text-editor\" data-id=\"5a6e27e\" data-element_type=\"widget\" data-e-type=\"widget\" data-widget_type=\"text-editor.default\">\n\t\t\t\t<div class=\"elementor-widget-container\">\n\t\t\t\t\t\t\t\t\t<h6>adriana zoon<\/h6><ul><li><p class=\"p1\"><a href=\"http:\/\/www.paradisemosaics.com\" target=\"_blank\" rel=\"noopener\"><span class=\"s1\">www.paradisemosaics.com<\/span><\/a><\/p><\/li><li>e-mail: <a href=\"mailto:info@paradisemosaics.com\" target=\"_blank\" rel=\"noopener\">info@paradisemosaics.com<\/a><\/li><li>telefoon: 0624798708<\/li><li>discipline: Moza\u00efek en Sieraden<\/li><\/ul>\t\t\t\t\t\t\t\t<\/div>\n\t\t\t\t<\/div>\n\t\t\t\t\t<\/div>\n\t\t<\/div>\n\t\t\t\t\t<\/div>\n\t\t<\/section>\n\t\t\t\t<section class=\"elementor-section elementor-top-section elementor-element elementor-element-fb17462 elementor-section-boxed elementor-section-height-default elementor-section-height-default\" data-id=\"fb17462\" data-element_type=\"section\" data-e-type=\"section\">\n\t\t\t\t\t\t<div class=\"elementor-container elementor-column-gap-default\">\n\t\t\t\t\t<div class=\"elementor-column elementor-col-100 elementor-top-column elementor-element elementor-element-7829f7d\" data-id=\"7829f7d\" data-element_type=\"column\" data-e-type=\"column\">\n\t\t\t<div class=\"elementor-widget-wrap elementor-element-populated\">\n\t\t\t\t\t\t<div class=\"elementor-element elementor-element-62346aa elementor-widget elementor-widget-text-editor\" data-id=\"62346aa\" data-element_type=\"widget\" data-e-type=\"widget\" data-widget_type=\"text-editor.default\">\n\t\t\t\t<div class=\"elementor-widget-container\">\n\t\t\t\t\t\t\t\t\t<p class=\"p1\"><span class=\"s1\">Adriana\u2019s creatieve moza\u00efekreis begon in 2001.<br \/>Een kale muur in haar nieuwe huis schreeuwde om een groot kunstwerk.<br \/>Zonder enig idee te hebben wat het maken van een moza\u00efek inhield, begon zij keramische tegels in stukken te hameren en daarna op te plakken. Dit resulteerde in het moza\u00efek \u201cFemme et Chat\u201d gebaseerd op het gelijknamige werk van Corneille (120x165cm h\/b). Een groot moza\u00efek dat met 4 keilbouten aan de muur moest worden opgehangen. <\/span><\/p><p class=\"p1\"><span class=\"s1\">In 2008 ontdekte zij glas als medium voor moza\u00efek. Dat was liefde op het eerste gezicht! Er zijn zoveel soorten glas en de mogelijkheden zijn eindeloos.<\/span><\/p><p class=\"p1\"><span class=\"s1\">Pas vanaf 2015 is zij masterclasses gaan volgen bij meerdere moza\u00efek maestro\u2019s uit o.a Itali\u00eb, Amerika, Libanon en Frankrijk.<\/span><\/p><p class=\"p1\"><span class=\"s1\">Adriana vindt het leuk om te experimenteren met verschillende stijlen en materialen zoals \u201cgewoon\u201d glas, smalti (speciaal Italiaans glas), steen, porselein etc.<br \/>Naast moza\u00efek maakt zij ook sieraden. Om een unieke sieraad te cre\u00ebren, maakt zij haar eigen micro moza\u00efek glas uit bovengenoemd Italiaans smalti glas. Dit wordt dan verwerkt in de sieraden.<\/span><\/p><p class=\"p1\"><span class=\"s1\">Adriana heeft een studio in Berkenwoude. Hier werkt zij en geeft zij moza\u00efek- en sieradenworkshops.<\/span><\/p>\t\t\t\t\t\t\t\t<\/div>\n\t\t\t\t<\/div>\n\t\t\t\t\t<\/div>\n\t\t<\/div>\n\t\t\t\t\t<\/div>\n\t\t<\/section>\n\t\t\t\t<section class=\"elementor-section elementor-top-section elementor-element elementor-element-a014c9e elementor-section-boxed elementor-section-height-default elementor-section-height-default\" data-id=\"a014c9e\" data-element_type=\"section\" data-e-type=\"section\">\n\t\t\t\t\t\t<div class=\"elementor-container elementor-column-gap-default\">\n\t\t\t\t\t<div class=\"elementor-column elementor-col-100 elementor-top-column elementor-element elementor-element-75910c4\" data-id=\"75910c4\" data-element_type=\"column\" data-e-type=\"column\">\n\t\t\t<div class=\"elementor-widget-wrap elementor-element-populated\">\n\t\t\t\t\t\t<div class=\"elementor-element elementor-element-4eb36fc elementor-arrows-position-inside elementor-pagination-position-outside elementor-widget elementor-widget-image-carousel\" data-id=\"4eb36fc\" data-element_type=\"widget\" data-e-type=\"widget\" data-settings=\"{&quot;slides_to_show&quot;:&quot;1&quot;,&quot;navigation&quot;:&quot;both&quot;,&quot;autoplay&quot;:&quot;yes&quot;,&quot;pause_on_hover&quot;:&quot;yes&quot;,&quot;pause_on_interaction&quot;:&quot;yes&quot;,&quot;autoplay_speed&quot;:5000,&quot;infinite&quot;:&quot;yes&quot;,&quot;effect&quot;:&quot;slide&quot;,&quot;speed&quot;:500}\" data-widget_type=\"image-carousel.default\">\n\t\t\t\t<div class=\"elementor-widget-container\">\n\t\t\t\t\t\t\t<div class=\"elementor-image-carousel-wrapper swiper\" role=\"region\" aria-roledescription=\"carousel\" aria-label=\"Carrousel afbeelding\" dir=\"ltr\">\n\t\t\t<div class=\"elementor-image-carousel swiper-wrapper\" aria-live=\"off\">\n\t\t\t\t\t\t\t\t<div class=\"swiper-slide\" role=\"group\" aria-roledescription=\"slide\" aria-label=\"1 van 6\"><a data-elementor-open-lightbox=\"yes\" data-elementor-lightbox-slideshow=\"4eb36fc\" data-elementor-lightbox-title=\"waterval\" data-e-action-hash=\"#elementor-action%3Aaction%3Dlightbox%26settings%3DeyJpZCI6NDI0OSwidXJsIjoiaHR0cHM6XC9cL2t1bnN0a3JpbmdhbGV4YW5kZXIubmxcL3dwLWNvbnRlbnRcL3VwbG9hZHNcLzIwMjRcLzAyXC9ab29uLUFkcmlhbmEtMDYuanBlZyIsInNsaWRlc2hvdyI6IjRlYjM2ZmMifQ%3D%3D\" href=\"https:\/\/kunstkringalexander.nl\/wp-content\/uploads\/2024\/02\/Zoon-Adriana-06.jpeg\"><figure class=\"swiper-slide-inner\"><img decoding=\"async\" class=\"swiper-slide-image\" src=\"https:\/\/kunstkringalexander.nl\/wp-content\/uploads\/2024\/02\/Zoon-Adriana-06.jpeg\" alt=\"Waterval, mixed media, 60x23 cm\" \/><figcaption class=\"elementor-image-carousel-caption\">Waterval, mixed media, 60x23 cm<\/figcaption><\/figure><\/a><\/div><div class=\"swiper-slide\" role=\"group\" aria-roledescription=\"slide\" aria-label=\"2 van 6\"><a data-elementor-open-lightbox=\"yes\" data-elementor-lightbox-slideshow=\"4eb36fc\" data-elementor-lightbox-title=\"Blue and Yellow Macaw\" data-e-action-hash=\"#elementor-action%3Aaction%3Dlightbox%26settings%3DeyJpZCI6NDI1MCwidXJsIjoiaHR0cHM6XC9cL2t1bnN0a3JpbmdhbGV4YW5kZXIubmxcL3dwLWNvbnRlbnRcL3VwbG9hZHNcLzIwMjRcLzAyXC9ab29uLUFkcmlhbmEtMDUuanBlZyIsInNsaWRlc2hvdyI6IjRlYjM2ZmMifQ%3D%3D\" href=\"https:\/\/kunstkringalexander.nl\/wp-content\/uploads\/2024\/02\/Zoon-Adriana-05.jpeg\"><figure class=\"swiper-slide-inner\"><img decoding=\"async\" class=\"swiper-slide-image\" src=\"https:\/\/kunstkringalexander.nl\/wp-content\/uploads\/2024\/02\/Zoon-Adriana-05.jpeg\" alt=\"Blauwgele Ara, glasmoza\u00efek, 12x12 cm\" \/><figcaption class=\"elementor-image-carousel-caption\">Blauwgele Ara, glasmoza\u00efek, 12x12 cm<\/figcaption><\/figure><\/a><\/div><div class=\"swiper-slide\" role=\"group\" aria-roledescription=\"slide\" aria-label=\"3 van 6\"><a data-elementor-open-lightbox=\"yes\" data-elementor-lightbox-slideshow=\"4eb36fc\" data-elementor-lightbox-title=\"jewelry\" data-e-action-hash=\"#elementor-action%3Aaction%3Dlightbox%26settings%3DeyJpZCI6NDI1MSwidXJsIjoiaHR0cHM6XC9cL2t1bnN0a3JpbmdhbGV4YW5kZXIubmxcL3dwLWNvbnRlbnRcL3VwbG9hZHNcLzIwMjRcLzAyXC9ab29uLUFkcmlhbmEtMDQuanBlZyIsInNsaWRlc2hvdyI6IjRlYjM2ZmMifQ%3D%3D\" href=\"https:\/\/kunstkringalexander.nl\/wp-content\/uploads\/2024\/02\/Zoon-Adriana-04.jpeg\"><figure class=\"swiper-slide-inner\"><img decoding=\"async\" class=\"swiper-slide-image\" src=\"https:\/\/kunstkringalexander.nl\/wp-content\/uploads\/2024\/02\/Zoon-Adriana-04.jpeg\" alt=\"Sieraden\" \/><figcaption class=\"elementor-image-carousel-caption\">Sieraden<\/figcaption><\/figure><\/a><\/div><div class=\"swiper-slide\" role=\"group\" aria-roledescription=\"slide\" aria-label=\"4 van 6\"><a data-elementor-open-lightbox=\"yes\" data-elementor-lightbox-slideshow=\"4eb36fc\" data-elementor-lightbox-title=\"Zoon-Adriana-03\" data-e-action-hash=\"#elementor-action%3Aaction%3Dlightbox%26settings%3DeyJpZCI6NDI1MiwidXJsIjoiaHR0cHM6XC9cL2t1bnN0a3JpbmdhbGV4YW5kZXIubmxcL3dwLWNvbnRlbnRcL3VwbG9hZHNcLzIwMjRcLzAyXC9ab29uLUFkcmlhbmEtMDMuanBlZyIsInNsaWRlc2hvdyI6IjRlYjM2ZmMifQ%3D%3D\" href=\"https:\/\/kunstkringalexander.nl\/wp-content\/uploads\/2024\/02\/Zoon-Adriana-03.jpeg\"><figure class=\"swiper-slide-inner\"><img decoding=\"async\" class=\"swiper-slide-image\" src=\"https:\/\/kunstkringalexander.nl\/wp-content\/uploads\/2024\/02\/Zoon-Adriana-03.jpeg\" alt=\"Circles, moza\u00efek van Italiaans smalti glas, 34x55 cm\" \/><figcaption class=\"elementor-image-carousel-caption\">Circles, moza\u00efek van Italiaans smalti glas, 34x55 cm<\/figcaption><\/figure><\/a><\/div><div class=\"swiper-slide\" role=\"group\" aria-roledescription=\"slide\" aria-label=\"5 van 6\"><a data-elementor-open-lightbox=\"yes\" data-elementor-lightbox-slideshow=\"4eb36fc\" data-elementor-lightbox-title=\"mosaic portrait Venus\" data-e-action-hash=\"#elementor-action%3Aaction%3Dlightbox%26settings%3DeyJpZCI6NDI1MywidXJsIjoiaHR0cHM6XC9cL2t1bnN0a3JpbmdhbGV4YW5kZXIubmxcL3dwLWNvbnRlbnRcL3VwbG9hZHNcLzIwMjRcLzAyXC9ab29uLUFkcmlhbmEtMDIuanBlZyIsInNsaWRlc2hvdyI6IjRlYjM2ZmMifQ%3D%3D\" href=\"https:\/\/kunstkringalexander.nl\/wp-content\/uploads\/2024\/02\/Zoon-Adriana-02.jpeg\"><figure class=\"swiper-slide-inner\"><img decoding=\"async\" class=\"swiper-slide-image\" src=\"https:\/\/kunstkringalexander.nl\/wp-content\/uploads\/2024\/02\/Zoon-Adriana-02.jpeg\" alt=\"Venus, glasmoza\u00efek, 49x38 cm\" \/><figcaption class=\"elementor-image-carousel-caption\">Venus, glasmoza\u00efek, 49x38 cm<\/figcaption><\/figure><\/a><\/div><div class=\"swiper-slide\" role=\"group\" aria-roledescription=\"slide\" aria-label=\"6 van 6\"><a data-elementor-open-lightbox=\"yes\" data-elementor-lightbox-slideshow=\"4eb36fc\" data-elementor-lightbox-title=\"Zoon-Adriana-01\" data-e-action-hash=\"#elementor-action%3Aaction%3Dlightbox%26settings%3DeyJpZCI6NDI1NCwidXJsIjoiaHR0cHM6XC9cL2t1bnN0a3JpbmdhbGV4YW5kZXIubmxcL3dwLWNvbnRlbnRcL3VwbG9hZHNcLzIwMjRcLzAyXC9ab29uLUFkcmlhbmEtMDEuanBlZyIsInNsaWRlc2hvdyI6IjRlYjM2ZmMifQ%3D%3D\" href=\"https:\/\/kunstkringalexander.nl\/wp-content\/uploads\/2024\/02\/Zoon-Adriana-01.jpeg\"><figure class=\"swiper-slide-inner\"><img decoding=\"async\" class=\"swiper-slide-image\" src=\"https:\/\/kunstkringalexander.nl\/wp-content\/uploads\/2024\/02\/Zoon-Adriana-01.jpeg\" alt=\"Dave the German Shepherd, glasmoza\u00efek, 55x45 cm\" \/><figcaption class=\"elementor-image-carousel-caption\">Dave the German Shepherd, glasmoza\u00efek, 55x45 cm <\/figcaption><\/figure><\/a><\/div>\t\t\t<\/div>\n\t\t\t\t\t\t\t\t\t\t\t\t<div class=\"elementor-swiper-button elementor-swiper-button-prev\" role=\"button\" tabindex=\"0\">\n\t\t\t\t\t\t<i aria-hidden=\"true\" class=\"eicon-chevron-left\"><\/i>\t\t\t\t\t<\/div>\n\t\t\t\t\t<div class=\"elementor-swiper-button elementor-swiper-button-next\" role=\"button\" tabindex=\"0\">\n\t\t\t\t\t\t<i aria-hidden=\"true\" class=\"eicon-chevron-right\"><\/i>\t\t\t\t\t<\/div>\n\t\t\t\t\n\t\t\t\t\t\t\t\t\t<div class=\"swiper-pagination\"><\/div>\n\t\t\t\t\t\t\t\t\t<\/div>\n\t\t\t\t\t\t<\/div>\n\t\t\t\t<\/div>\n\t\t\t\t\t<\/div>\n\t\t<\/div>\n\t\t\t\t\t<\/div>\n\t\t<\/section>\n\t\t\t\t<\/div>\n\t\t","protected":false},"excerpt":{"rendered":"<p>adriana zoon www.paradisemosaics.com e-mail: info@paradisemosaics.com telefoon: 0624798708 discipline: Moza\u00efek en Sieraden Adriana\u2019s creatieve moza\u00efekreis begon in 2001.Een kale muur in haar nieuwe huis schreeuwde om een groot kunstwerk.Zonder enig idee te hebben wat het maken van een moza\u00efek inhield, begon zij keramische tegels in stukken te hameren en daarna op te plakken. Dit resulteerde in &hellip; <a href=\"https:\/\/kunstkringalexander.nl\/index.php\/de-kunstenaars\/vind-een-kunstenaar\/zoon-adriana\/\" class=\"more-link\">Continue reading <span class=\"screen-reader-text\">Zoon, Adriana<\/span><\/a><\/p>\n","protected":false},"author":7,"featured_media":0,"parent":21,"menu_order":0,"comment_status":"closed","ping_status":"closed","template":"page-templates\/full-width-page.php","meta":{"_exactmetrics_skip_tracking":false,"_exactmetrics_sitenote_active":false,"_exactmetrics_sitenote_note":"","_exactmetrics_sitenote_category":0,"footnotes":""},"class_list":["post-4247","page","type-page","status-publish","hentry","without-featured-image"],"_links":{"self":[{"href":"https:\/\/kunstkringalexander.nl\/index.php\/wp-json\/wp\/v2\/pages\/4247","targetHints":{"allow":["GET"]}}],"collection":[{"href":"https:\/\/kunstkringalexander.nl\/index.php\/wp-json\/wp\/v2\/pages"}],"about":[{"href":"https:\/\/kunstkringalexander.nl\/index.php\/wp-json\/wp\/v2\/types\/page"}],"author":[{"embeddable":true,"href":"https:\/\/kunstkringalexander.nl\/index.php\/wp-json\/wp\/v2\/users\/7"}],"replies":[{"embeddable":true,"href":"https:\/\/kunstkringalexander.nl\/index.php\/wp-json\/wp\/v2\/comments?post=4247"}],"version-history":[{"count":10,"href":"https:\/\/kunstkringalexander.nl\/index.php\/wp-json\/wp\/v2\/pages\/4247\/revisions"}],"predecessor-version":[{"id":4264,"href":"https:\/\/kunstkringalexander.nl\/index.php\/wp-json\/wp\/v2\/pages\/4247\/revisions\/4264"}],"up":[{"embeddable":true,"href":"https:\/\/kunstkringalexander.nl\/index.php\/wp-json\/wp\/v2\/pages\/21"}],"wp:attachment":[{"href":"https:\/\/kunstkringalexander.nl\/index.php\/wp-json\/wp\/v2\/media?parent=4247"}],"curies":[{"name":"wp","href":"https:\/\/api.w.org\/{rel}","templated":true}]}}